{"id":1963,"date":"2012-08-21T02:27:46","date_gmt":"2012-08-21T00:27:46","guid":{"rendered":"http:\/\/www.josepbenedito.com\/cv\/?page_id=1963"},"modified":"2012-08-21T12:26:29","modified_gmt":"2012-08-21T10:26:29","slug":"curriculum-vitae","status":"publish","type":"page","link":"http:\/\/www.josepbenedito.com\/?page_id=1963","title":{"rendered":"Curriculum Vit\u00e6"},"content":{"rendered":"<div class=\"tabcontainer\"><ul class=\"tabs\"><li><a title=\"\u00bbCatal\u00e0\u00bb\" href=\"#tab-0\">\u00bbCatal\u00e0\u00bb<\/a><\/li><li><a title=\"\u00bbEspa\u00f1ol\u00bb\" href=\"#tab-1\">\u00bbEspa\u00f1ol\u00bb<\/a><\/li><\/ul><div id=\"tab-0\"><\/p>\n<p><strong>Benedito i Rovira, Josep<\/strong> (l\u2019Hospitalet de Llobregat, Barcelon\u00e8s 1948) Arquitecte. En 1967-70 treball\u00e0 a l\u2019estudi de Josep Antoni Coderch de Sentmenat, i el 1971 obtingu\u00e9 la titulaci\u00f3 per l\u2019ETSAB. Aquest any s\u2019establ\u00ed com a professional liberal amb estudi a Barcelona fins el 1981, any en qu\u00e8 passa a ocupar un lloc com a arquitecte en exercici al Departament d\u2019Ensenyament de la Generalitat de Catalunya, dins del qual fou director general d\u2019Arquitectura Escolar. El 1989 deix\u00e0 l\u2019Administraci\u00f3 p\u00fablica i torn\u00e0 a establir-se com a professional liberal, i el 1991 crea l\u2019estudi <strong><em><a href=\"http:\/\/rqparquitectura.com\/\" target=\"_blank\">rqp arquitectura<\/a> slp<\/em><\/strong> que dirigeix. En 1979-81 tamb\u00e9 fou professor de Projectes de l\u2019Escola T\u00e8cnica Superior d\u2019Arquitectura del Vall\u00e8s de la UPC i ha dirigit els\u00a0 Programes de Gesti\u00f3 i Suport t\u00e8cnic\u00a0 pel desenvolupament dels campus \u00a0de la\u00a0 UPC, de la UPF i per les Universitats de Girona, Lleida i Rovira i Virgili.<\/p>\n<p>Va dirigir el programa de seguiment dels plans pel desenvolupament de les infraestructures universit\u00e0ries del Comissionat per Universitats i Recerca de la Generalitat de Catalunya i en 1991-98 fou membre de la Junta de Museus de Catalunya.<\/p>\n<p>Ha projectat un gran nombre de <strong>centres docents, tant d\u2019educaci\u00f3 prim\u00e0ria i secund\u00e0ria com superior<\/strong>.<\/p>\n<p><ul class=\"list-arrow\">\n<ul>\n<li>Centre escolar de primera IPSI de Barcelona. <strong>Premi FAD<\/strong> d\u2019Opini\u00f3<\/li>\n<li>Centre d\u2019educaci\u00f3 especial Josep Sol de Santa Coloma de Gramanet. <strong>Premi FAD<\/strong> d\u2019arquitectura<\/li>\n<li>Campus de la Comunicaci\u00f3 \u2013 Poblenou de la UPF (2009). <strong>Premi Ciutat de Barcelona<\/strong><\/li>\n<li>Institut d\u2019educaci\u00f3 secund\u00e0ria de Castell\u00f2 d\u2019Emp\u00faries (2000, <strong>premi Arquitectura Girona 2001<\/strong>)<\/li>\n<li>Centre Recerca Energia aplicada (CREA) a la Universitat de Lleida. <strong>Premi Arquitectura Lleida<\/strong><\/li>\n<li>Facultats de Traducci\u00f3 i Interpretaci\u00f3 de la UPF (1993)<\/li>\n<li>Escola Telecomunicacions i Telem\u00e0tica a Castelldefels PMT de la UPC<\/li>\n<li>Rectorat i institut d\u2019Hist\u00f2ria Jaume Vicens Vives de la UPF (1996)<\/li>\n<li>Seu central de la Universitat oberta de Catalunya (1998)<\/li>\n<li>Facultat de Dret i Institut d\u2019Educaci\u00f3 Cont\u00ednua de la UPF (2000)<\/li>\n<li>Escola de Telecomunicaci\u00f3 i Telem\u00e0tica de la UPC (2001)<\/li>\n<\/ul>\n<\/ul><\/p>\n<h3>Altres projectes destacables:<\/h3>\n<p><ul class=\"list-arrow\">\n<ul>\n<li>Centre Ecum\u00e8nic de la Vila Ol\u00edmpica de Barcelona (1992)<\/li>\n<li>Arxiu Nacional de Catalunya de Sant Cugat del Vall\u00e9s (1995)<\/li>\n<li>Adaptaci\u00f3 del Palau de Mar per al Museu d\u2019Hist\u00f2ria de Catalunya (1995)<\/li>\n<li>Adaptaci\u00f3 de l\u2019edifici per a seu de l\u2019Institut Catal\u00e0 de Tecnologia (1997)<\/li>\n<li>Remodelaci\u00f3 de la Llotja (1999)<\/li>\n<li>Remodelaci\u00f3 del MNAC (2001)<\/li>\n<li>Biblioteca Armand Cardona Torrandell de Vilanova i la Geltr\u00fa (2004)<\/li>\n<li>Les comissaries de Tortosa i Sant Andreu a Barcelona<\/li>\n<li>Les seus de la Direcci\u00f3 General de Seguretat Ciutadana i del Departament de Interior de la Generalitat de Catalunya<\/li>\n<li>L\u2019edifici central i la urbanitzaci\u00f3 del complex de St. Benet de Bages<\/li>\n<li>L\u2019Escola Internacional del Camp a Salou<\/li>\n<\/ul>\n<\/ul><\/p>\n<h3>Els centres de recerca en:<\/h3>\n<p><ul class=\"list-arrow\">\n<ul>\n<li>Qu\u00edmica Sostenible a Tarragona (URV)<\/li>\n<li>Enologia a Falset a Tarragona (URV)<\/li>\n<li>Turisme a Vila-seca a Tarragona (URV)<\/li>\n<li>Nutrici\u00f3 a Reus a Tarragona (URV)<\/li>\n<\/ul>\n<\/ul><\/p>\n<p>Molts dels projectes relacionats els he realitzat en col.laboraci\u00f3 amb els arquitectes Agust\u00ed Mateos, Jaume Llobet, Ramon Valls i l\u2019estudi op-team arquitectura.<\/p>\n<p>Josep Benedito i Rovira ha creat i dirigeix l\u2019empresa <a href=\"http:\/\/rqparquitectura.com\/\" target=\"_blank\"><strong><em>rqp arquitectura, slp<\/em><\/strong><\/a> una organitzaci\u00f3 dedicada especialment a la gesti\u00f3 i suport t\u00e8cnic per la realitzaci\u00f3 de programes de construcci\u00f3 que ha desenvolupat la seva activitat parcialment en el Camp dels equipaments universitaris.<\/p>\n<p><\/div><div id=\"tab-1\"><\/p>\n<p><strong>Benedito i Rovira, Josep<\/strong>\u00a0(de Hospitalet de Llobregat, Barcelon\u00e9s 1948) Arquitecto. De 1967-70 trabaj\u00f3 en el estudio de Josep Antoni Coderch de Sentmenat, y en 1971 obtiene la titulaci\u00f3n por la ETSAB. Este a\u00f1o se establece como profesional liberal con estudio en Barcelona hasta el 1981, a\u00f1o en que pasa a ocupar un lugar como arquitecto en el Departament d\u2019Ensenyament de la Generalitat de Catalunya, donde fue director general de Arquitectura Escolar. En 1989 deja la Administraci\u00f3n p\u00fablica y vuelve a establecerse como profesional liberal, y en 1991 crea el estudio\u00a0<a href=\"http:\/\/rqparquitectura.com\/\" target=\"_blank\"><strong><em>rqp arquitectura slp<\/em><\/strong><\/a>\u00a0que dirige. De 1979-81 tambi\u00e9n fue profesor de Proyectos de la Escuela T\u00e9cnica Superior de Arquitectura del Vall\u00e8s de la UPC y ha dirigido los Programas de Gesti\u00f3n y Soporte t\u00e9cnico para el desarrollo de los Campus de la\u00a0 UPC , de la UPF y para las universidades de Gerona, L\u00e9rida y Rovira i Virgili a Tarragona.<\/p>\n<p>Dirigi\u00f3 el programa de seguimiento de planes para el desarrollo de las infraestructuras universitarias del Comissionat per Universitats i Recerca de la Generalitat de Catalunya y en 1991-98 fue miembro de la Junta de Museos de Catalunya.<\/p>\n<p>Ha proyectado numerosos <strong>centros docentes, tanto de educaci\u00f3n primaria y secundaria como superior<\/strong><\/p>\n<p><ul class=\"list-arrow\">\n<ul>\n<li>Centro escolar de primera IPSI de Barcelona. <strong>Premio FAD<\/strong> de Opini\u00f3n<\/li>\n<li>Centro de Educaci\u00f3n especial Josep Sol de Santa Coloma de Gramanet. <strong>Premio FAD<\/strong> de arquitectura<\/li>\n<li>Campus de la Comunicaci\u00f3n \u2013 Poblenou de la UPF (2009).\u00a0<strong>Premi oCiutat de Barcelona<\/strong><\/li>\n<li>Instituto de educaci\u00f3n secundaria de Castell\u00f3n d\u2019Emp\u00faries (2000, <strong>premio Arquitectura Girona<\/strong> 2001)<\/li>\n<li>Centro Recerca Energ\u00eda Aplicada (CREA) a la UdL. <strong>Premio Arquitectura Lleida<\/strong><\/li>\n<li>Facultad de Traducci\u00f3n y Interpretaci\u00f3n de la UPF (1993)<\/li>\n<li>Escuela de Telecomunicaciones y Telem\u00e1tica a Castelldefels PMT de la UPC<\/li>\n<li>Rectorado y Instituto de Historia Jaume Vicens Vives de la UPF (1996)<\/li>\n<li>Sede central de la Universitat oberta de Catalunya (1998)<\/li>\n<li>Facultad de Derecho y Instituto de Educaci\u00f3n Continua de la UPF (2000)<\/li>\n<li>Escuela de Telecomunicaci\u00f3n y Telem\u00e1tica de la UPC (2001)<\/li>\n<\/ul>\n<\/ul><\/p>\n<h3>Otros proyectos destacables:<\/h3>\n<p><ul class=\"list-arrow\">\n<ul>\n<li>Centro Ecum\u00e8nic de la Vila Ol\u00edmpica de Barcelona (1992)<\/li>\n<li>Archivo Nacional de Catalunya de Sant Cugat del Vall\u00e9s (1995)<\/li>\n<li>Adaptaci\u00f3n del Palau de Mar para el Museo de Historia de Catalunya (1995)<\/li>\n<li>Adaptaci\u00f3n del\u00a0 edificio para la sede del\u00a0 Instituto Catal\u00e1n de Tecnolog\u00eda (1997)<\/li>\n<li>Remodelaci\u00f3n de la Llotja (1999)<\/li>\n<li>Remodelaci\u00f3n del MNAC (2001)<\/li>\n<li>Biblioteca Armand Cardona Torrandell de Vilanova i la Geltr\u00fa (2004)<\/li>\n<li>Las comisarias de Tortosa y Sant Andreu a Barcelona<\/li>\n<li>Las sedes de la Direcci\u00f3n General de Seguretat Ciutadana y del Departamento de Interior de la Generalitat de Catalunya<\/li>\n<li>Edificio central y urbanizaci\u00f3n del complejo de St. Benet de Bages<\/li>\n<li>Escuela Internacional del Camp a Salou<\/li>\n<\/ul>\n<\/ul><\/p>\n<h3>Los centros de investigaci\u00f3n en:<\/h3>\n<p><ul class=\"list-arrow\">\n<ul>\n<li>Qu\u00edmica Sostenible a Tarragona (URV)<\/li>\n<li>Enolog\u00eda en Falset de Tarragona (URV)<\/li>\n<li>Turismo en Vila-seca de Tarragona (URV)<\/li>\n<li>Nutrici\u00f3n en Reus de Tarragona (URV)<\/li>\n<\/ul>\n<\/ul><\/p>\n<p>Muchos de los proyectos relacionados se han realizado en colaboraci\u00f3n con los arquitectos Agust\u00ed Mateos, Jaume Llobet, Ramon Valls y el estudio op-team arquitectura.<\/p>\n<p>Josep Benedito i Rovira ha creado y dirigido la empresa\u00a0<a href=\"http:\/\/rqparquitectura.com\" target=\"_blank\"><strong><em>rqp arquitectura, slp<\/em><\/strong><\/a>\u00a0una organizaci\u00f3n dedicada especialmente a la gesti\u00f3n y soporte t\u00e9cnico para la realizaci\u00f3n de programas de construcci\u00f3n que ha desarrollado su actividad parcialmente en el campo de equipamientos universitarios.<\/p>\n<p><\/div><\/div>\n","protected":false},"excerpt":{"rendered":"","protected":false},"author":1,"featured_media":0,"parent":0,"menu_order":0,"comment_status":"open","ping_status":"open","template":"fullwidth.php","meta":[],"_links":{"self":[{"href":"http:\/\/www.josepbenedito.com\/index.php?rest_route=\/wp\/v2\/pages\/1963"}],"collection":[{"href":"http:\/\/www.josepbenedito.com\/index.php?rest_route=\/wp\/v2\/pages"}],"about":[{"href":"http:\/\/www.josepbenedito.com\/index.php?rest_route=\/wp\/v2\/types\/page"}],"author":[{"embeddable":true,"href":"http:\/\/www.josepbenedito.com\/index.php?rest_route=\/wp\/v2\/users\/1"}],"replies":[{"embeddable":true,"href":"http:\/\/www.josepbenedito.com\/index.php?rest_route=%2Fwp%2Fv2%2Fcomments&post=1963"}],"version-history":[{"count":4,"href":"http:\/\/www.josepbenedito.com\/index.php?rest_route=\/wp\/v2\/pages\/1963\/revisions"}],"predecessor-version":[{"id":1969,"href":"http:\/\/www.josepbenedito.com\/index.php?rest_route=\/wp\/v2\/pages\/1963\/revisions\/1969"}],"wp:attachment":[{"href":"http:\/\/www.josepbenedito.com\/index.php?rest_route=%2Fwp%2Fv2%2Fmedia&parent=1963"}],"curies":[{"name":"wp","href":"https:\/\/api.w.org\/{rel}","templated":true}]}}